{"id":505,"date":"2020-06-15T06:07:20","date_gmt":"2020-06-15T06:07:20","guid":{"rendered":"https:\/\/www.catsier.com\/?page_id=505"},"modified":"2020-06-16T07:35:34","modified_gmt":"2020-06-16T07:35:34","slug":"about-us-2","status":"publish","type":"page","link":"https:\/\/www.catsier.com\/es\/about-us-2\/","title":{"rendered":"Sobre nosotros"},"content":{"rendered":"<div class=\"wp-block-group alignfull\"><div class=\"wp-block-group__inner-container is-layout-flow wp-block-group-is-layout-flow\">\n<figure class=\"wp-block-image size-large\"><img loading=\"lazy\" decoding=\"async\" width=\"1024\" height=\"360\" src=\"https:\/\/www.catsier.com\/wp-content\/uploads\/2020\/06\/\u55b5\u55b5\u55b5-2-1024x360.jpg\" alt=\"\" class=\"wp-image-506\" srcset=\"https:\/\/www.catsier.com\/wp-content\/uploads\/2020\/06\/\u55b5\u55b5\u55b5-2-1024x360.jpg 1024w, https:\/\/www.catsier.com\/wp-content\/uploads\/2020\/06\/\u55b5\u55b5\u55b5-2-300x106.jpg 300w, https:\/\/www.catsier.com\/wp-content\/uploads\/2020\/06\/\u55b5\u55b5\u55b5-2-768x270.jpg 768w, https:\/\/www.catsier.com\/wp-content\/uploads\/2020\/06\/\u55b5\u55b5\u55b5-2-600x211.jpg 600w, https:\/\/www.catsier.com\/wp-content\/uploads\/2020\/06\/\u55b5\u55b5\u55b5-2.jpg 1500w\" sizes=\"auto, (max-width: 1024px) 100vw, 1024px\" \/><\/figure>\n<\/div><\/div>\n\n\n\n<p style=\"background-color:#f3f3f3;font-size:20px\" class=\"has-background has-text-align-center\"><em>CATSIER \u2122 es una marca de suministros para gatos de WONPET Co., Ltd. Un equipo de administraci\u00f3n formado por un grupo de personas a las que les gustan los gatos.<\/em><\/p>\n\n\n\n<div class=\"wp-block-group\"><div class=\"wp-block-group__inner-container is-layout-flow wp-block-group-is-layout-flow\">\n<div class=\"wp-block-media-text is-stacked-on-mobile is-vertically-aligned-center\" style=\"grid-template-columns:22% auto\"><figure class=\"wp-block-media-text__media\"><img loading=\"lazy\" decoding=\"async\" width=\"1024\" height=\"614\" src=\"https:\/\/www.catsier.com\/wp-content\/uploads\/2020\/06\/catsier-logo-1024x614.png\" alt=\"\" class=\"wp-image-109\" srcset=\"https:\/\/www.catsier.com\/wp-content\/uploads\/2020\/06\/catsier-logo-1024x614.png 1024w, https:\/\/www.catsier.com\/wp-content\/uploads\/2020\/06\/catsier-logo-300x180.png 300w, https:\/\/www.catsier.com\/wp-content\/uploads\/2020\/06\/catsier-logo-768x460.png 768w, https:\/\/www.catsier.com\/wp-content\/uploads\/2020\/06\/catsier-logo-600x360.png 600w, https:\/\/www.catsier.com\/wp-content\/uploads\/2020\/06\/catsier-logo.png 1198w\" sizes=\"auto, (max-width: 1024px) 100vw, 1024px\" \/><\/figure><div class=\"wp-block-media-text__content\">\n<p style=\"font-size:20px\">Observamos los comportamientos de los gatos en la vida diaria y dise\u00f1amos sus juguetes favoritos. Deje que el due\u00f1o se acerque al gato o pase el tiempo cuando el gato est\u00e1 aburrido.<\/p>\n\n\n\n<p style=\"font-size:20px\">Ofrecemos una variedad de modelos de venta, puede comprar nuestros productos en Amazon y eBay. O navega por nuestro sitio web <a href=\"https:\/\/www.wonpet.com\" target=\"_blank\" rel=\"noreferrer noopener\">https:\/\/www.wonpet.com<\/a> y negociar con nuestros asesores de ventas para negocios OEM.<\/p>\n<\/div><\/div>\n<\/div><\/div>\n\n\n\n<div class=\"wp-block-media-text alignwide is-stacked-on-mobile\" style=\"grid-template-columns:22% auto\"><figure class=\"wp-block-media-text__media\"><a href=\"\/es\/chiwava.com\/\"><img loading=\"lazy\" decoding=\"async\" width=\"1024\" height=\"417\" src=\"https:\/\/www.catsier.com\/wp-content\/uploads\/2020\/06\/logo-201-1024x417.png\" alt=\"\" class=\"wp-image-559\" srcset=\"https:\/\/www.catsier.com\/wp-content\/uploads\/2020\/06\/logo-201-1024x417.png 1024w, https:\/\/www.catsier.com\/wp-content\/uploads\/2020\/06\/logo-201-300x122.png 300w, https:\/\/www.catsier.com\/wp-content\/uploads\/2020\/06\/logo-201-768x313.png 768w, https:\/\/www.catsier.com\/wp-content\/uploads\/2020\/06\/logo-201-600x244.png 600w, https:\/\/www.catsier.com\/wp-content\/uploads\/2020\/06\/logo-201.png 1026w\" sizes=\"auto, (max-width: 1024px) 100vw, 1024px\" \/><\/a><\/figure><div class=\"wp-block-media-text__content\">\n<p style=\"font-size:20px\">Chiwava \u2122 \ufe0f es una marca de juguetes para mascotas. Dise\u00f1amos y vendemos juguetes de goma de l\u00e1tex para perros, ratones de juguete para gatos, pelota de juguete para gatos, etc.<\/p>\n\n\n\n<p style=\"font-size:20px\">Estamos comprometidos con la producci\u00f3n de juguetes para mascotas seguros y respetuosos con el medio ambiente.<\/p>\n<\/div><\/div>\n\n\n\n<p><\/p>","protected":false},"excerpt":{"rendered":"<p>CATSIER\u2122 es una marca de suministros para gatos de WONPET Co., Ltd. Un equipo de gesti\u00f3n formado por un grupo de personas que... <a href=\"https:\/\/www.catsier.com\/es\/about-us-2\/\" class=\"more-link\"><span class=\"more-button\">Sigue leyendo<span class=\"screen-reader-text\">Sobre nosotros<\/span><\/span><\/a><\/p>","protected":false},"author":1,"featured_media":0,"parent":0,"menu_order":0,"comment_status":"closed","ping_status":"closed","template":"","meta":{"footnotes":""},"class_list":["post-505","page","type-page","status-publish","hentry"],"_links":{"self":[{"href":"https:\/\/www.catsier.com\/es\/wp-json\/wp\/v2\/pages\/505","targetHints":{"allow":["GET"]}}],"collection":[{"href":"https:\/\/www.catsier.com\/es\/wp-json\/wp\/v2\/pages"}],"about":[{"href":"https:\/\/www.catsier.com\/es\/wp-json\/wp\/v2\/types\/page"}],"author":[{"embeddable":true,"href":"https:\/\/www.catsier.com\/es\/wp-json\/wp\/v2\/users\/1"}],"replies":[{"embeddable":true,"href":"https:\/\/www.catsier.com\/es\/wp-json\/wp\/v2\/comments?post=505"}],"version-history":[{"count":52,"href":"https:\/\/www.catsier.com\/es\/wp-json\/wp\/v2\/pages\/505\/revisions"}],"predecessor-version":[{"id":573,"href":"https:\/\/www.catsier.com\/es\/wp-json\/wp\/v2\/pages\/505\/revisions\/573"}],"wp:attachment":[{"href":"https:\/\/www.catsier.com\/es\/wp-json\/wp\/v2\/media?parent=505"}],"curies":[{"name":"wp","href":"https:\/\/api.w.org\/{rel}","templated":true}]}}