{"id":505,"date":"2020-06-15T06:07:20","date_gmt":"2020-06-15T06:07:20","guid":{"rendered":"https:\/\/www.catsier.com\/?page_id=505"},"modified":"2020-06-16T07:35:34","modified_gmt":"2020-06-16T07:35:34","slug":"about-us-2","status":"publish","type":"page","link":"https:\/\/www.catsier.com\/fr\/about-us-2\/","title":{"rendered":"\u00c0 propos de nous"},"content":{"rendered":"<div class=\"wp-block-group alignfull\"><div class=\"wp-block-group__inner-container is-layout-flow wp-block-group-is-layout-flow\">\n<figure class=\"wp-block-image size-large\"><img loading=\"lazy\" decoding=\"async\" width=\"1024\" height=\"360\" src=\"https:\/\/www.catsier.com\/wp-content\/uploads\/2020\/06\/\u55b5\u55b5\u55b5-2-1024x360.jpg\" alt=\"\" class=\"wp-image-506\" srcset=\"https:\/\/www.catsier.com\/wp-content\/uploads\/2020\/06\/\u55b5\u55b5\u55b5-2-1024x360.jpg 1024w, https:\/\/www.catsier.com\/wp-content\/uploads\/2020\/06\/\u55b5\u55b5\u55b5-2-300x106.jpg 300w, https:\/\/www.catsier.com\/wp-content\/uploads\/2020\/06\/\u55b5\u55b5\u55b5-2-768x270.jpg 768w, https:\/\/www.catsier.com\/wp-content\/uploads\/2020\/06\/\u55b5\u55b5\u55b5-2-600x211.jpg 600w, https:\/\/www.catsier.com\/wp-content\/uploads\/2020\/06\/\u55b5\u55b5\u55b5-2.jpg 1500w\" sizes=\"auto, (max-width: 1024px) 100vw, 1024px\" \/><\/figure>\n<\/div><\/div>\n\n\n\n<p style=\"background-color:#f3f3f3;font-size:20px\" class=\"has-background has-text-align-center\"><em>CATSIER \u2122 est une marque de fournitures pour chats de WONPET Co., Ltd. Une \u00e9quipe de gestion compos\u00e9e d&#039;un groupe de personnes qui aiment les chats.<\/em><\/p>\n\n\n\n<div class=\"wp-block-group\"><div class=\"wp-block-group__inner-container is-layout-flow wp-block-group-is-layout-flow\">\n<div class=\"wp-block-media-text is-stacked-on-mobile is-vertically-aligned-center\" style=\"grid-template-columns:22% auto\"><figure class=\"wp-block-media-text__media\"><img loading=\"lazy\" decoding=\"async\" width=\"1024\" height=\"614\" src=\"https:\/\/www.catsier.com\/wp-content\/uploads\/2020\/06\/catsier-logo-1024x614.png\" alt=\"\" class=\"wp-image-109\" srcset=\"https:\/\/www.catsier.com\/wp-content\/uploads\/2020\/06\/catsier-logo-1024x614.png 1024w, https:\/\/www.catsier.com\/wp-content\/uploads\/2020\/06\/catsier-logo-300x180.png 300w, https:\/\/www.catsier.com\/wp-content\/uploads\/2020\/06\/catsier-logo-768x460.png 768w, https:\/\/www.catsier.com\/wp-content\/uploads\/2020\/06\/catsier-logo-600x360.png 600w, https:\/\/www.catsier.com\/wp-content\/uploads\/2020\/06\/catsier-logo.png 1198w\" sizes=\"auto, (max-width: 1024px) 100vw, 1024px\" \/><\/figure><div class=\"wp-block-media-text__content\">\n<p style=\"font-size:20px\">Nous observons les comportements des chats dans la vie quotidienne et concevons leurs jouets pr\u00e9f\u00e9r\u00e9s. Laissez le propri\u00e9taire se rapprocher du chat ou passez le temps o\u00f9 le chat s&#039;ennuie.<\/p>\n\n\n\n<p style=\"font-size:20px\">Nous offrons une vari\u00e9t\u00e9 de mod\u00e8les de vente, vous pouvez acheter nos produits sur Amazon et eBay. Ou parcourez notre site Web <a href=\"https:\/\/www.wonpet.com\" target=\"_blank\" rel=\"noreferrer noopener\">https:\/\/www.wonpet.com<\/a> et n\u00e9gocier avec nos consultants commerciaux pour les activit\u00e9s OEM.<\/p>\n<\/div><\/div>\n<\/div><\/div>\n\n\n\n<div class=\"wp-block-media-text alignwide is-stacked-on-mobile\" style=\"grid-template-columns:22% auto\"><figure class=\"wp-block-media-text__media\"><a href=\"\/fr\/chiwava.com\/\"><img loading=\"lazy\" decoding=\"async\" width=\"1024\" height=\"417\" src=\"https:\/\/www.catsier.com\/wp-content\/uploads\/2020\/06\/logo-201-1024x417.png\" alt=\"\" class=\"wp-image-559\" srcset=\"https:\/\/www.catsier.com\/wp-content\/uploads\/2020\/06\/logo-201-1024x417.png 1024w, https:\/\/www.catsier.com\/wp-content\/uploads\/2020\/06\/logo-201-300x122.png 300w, https:\/\/www.catsier.com\/wp-content\/uploads\/2020\/06\/logo-201-768x313.png 768w, https:\/\/www.catsier.com\/wp-content\/uploads\/2020\/06\/logo-201-600x244.png 600w, https:\/\/www.catsier.com\/wp-content\/uploads\/2020\/06\/logo-201.png 1026w\" sizes=\"auto, (max-width: 1024px) 100vw, 1024px\" \/><\/a><\/figure><div class=\"wp-block-media-text__content\">\n<p style=\"font-size:20px\">Chiwava \u2122 \ufe0f est une marque de jouets pour animaux de compagnie. Nous concevons et vendons des jouets pour chiens en caoutchouc latex, des souris pour chats, des balles pour chats, etc\u2026<\/p>\n\n\n\n<p style=\"font-size:20px\">Nous nous engageons \u00e0 produire des jouets pour animaux de compagnie s\u00fbrs et respectueux de l&#039;environnement.<\/p>\n<\/div><\/div>\n\n\n\n<p><\/p>","protected":false},"excerpt":{"rendered":"<p>CATSIER\u2122 est une marque de fournitures pour chats de WONPET Co., Ltd. Une \u00e9quipe de direction compos\u00e9e d&#039;un groupe de personnes qui\u2026 <a href=\"https:\/\/www.catsier.com\/fr\/about-us-2\/\" class=\"more-link\"><span class=\"more-button\">Continuer la lecture<span class=\"screen-reader-text\">\u00c0 propos de nous<\/span><\/span><\/a><\/p>","protected":false},"author":1,"featured_media":0,"parent":0,"menu_order":0,"comment_status":"closed","ping_status":"closed","template":"","meta":{"footnotes":""},"class_list":["post-505","page","type-page","status-publish","hentry"],"_links":{"self":[{"href":"https:\/\/www.catsier.com\/fr\/wp-json\/wp\/v2\/pages\/505","targetHints":{"allow":["GET"]}}],"collection":[{"href":"https:\/\/www.catsier.com\/fr\/wp-json\/wp\/v2\/pages"}],"about":[{"href":"https:\/\/www.catsier.com\/fr\/wp-json\/wp\/v2\/types\/page"}],"author":[{"embeddable":true,"href":"https:\/\/www.catsier.com\/fr\/wp-json\/wp\/v2\/users\/1"}],"replies":[{"embeddable":true,"href":"https:\/\/www.catsier.com\/fr\/wp-json\/wp\/v2\/comments?post=505"}],"version-history":[{"count":52,"href":"https:\/\/www.catsier.com\/fr\/wp-json\/wp\/v2\/pages\/505\/revisions"}],"predecessor-version":[{"id":573,"href":"https:\/\/www.catsier.com\/fr\/wp-json\/wp\/v2\/pages\/505\/revisions\/573"}],"wp:attachment":[{"href":"https:\/\/www.catsier.com\/fr\/wp-json\/wp\/v2\/media?parent=505"}],"curies":[{"name":"wp","href":"https:\/\/api.w.org\/{rel}","templated":true}]}}