{"id":505,"date":"2020-06-15T06:07:20","date_gmt":"2020-06-15T06:07:20","guid":{"rendered":"https:\/\/www.catsier.com\/?page_id=505"},"modified":"2020-06-16T07:35:34","modified_gmt":"2020-06-16T07:35:34","slug":"about-us-2","status":"publish","type":"page","link":"https:\/\/www.catsier.com\/sv\/about-us-2\/","title":{"rendered":"Om oss"},"content":{"rendered":"<div class=\"wp-block-group alignfull\"><div class=\"wp-block-group__inner-container is-layout-flow wp-block-group-is-layout-flow\">\n<figure class=\"wp-block-image size-large\"><img loading=\"lazy\" decoding=\"async\" width=\"1024\" height=\"360\" src=\"https:\/\/www.catsier.com\/wp-content\/uploads\/2020\/06\/\u55b5\u55b5\u55b5-2-1024x360.jpg\" alt=\"\" class=\"wp-image-506\" srcset=\"https:\/\/www.catsier.com\/wp-content\/uploads\/2020\/06\/\u55b5\u55b5\u55b5-2-1024x360.jpg 1024w, https:\/\/www.catsier.com\/wp-content\/uploads\/2020\/06\/\u55b5\u55b5\u55b5-2-300x106.jpg 300w, https:\/\/www.catsier.com\/wp-content\/uploads\/2020\/06\/\u55b5\u55b5\u55b5-2-768x270.jpg 768w, https:\/\/www.catsier.com\/wp-content\/uploads\/2020\/06\/\u55b5\u55b5\u55b5-2-600x211.jpg 600w, https:\/\/www.catsier.com\/wp-content\/uploads\/2020\/06\/\u55b5\u55b5\u55b5-2.jpg 1500w\" sizes=\"auto, (max-width: 1024px) 100vw, 1024px\" \/><\/figure>\n<\/div><\/div>\n\n\n\n<p style=\"background-color:#f3f3f3;font-size:20px\" class=\"has-background has-text-align-center\"><em>CATSIER\u2122 \u00e4r ett m\u00e4rke f\u00f6r katttillbeh\u00f6r fr\u00e5n WONPET Co., Ltd. Ett ledningsteam som best\u00e5r av en grupp m\u00e4nniskor som gillar katter.<\/em><\/p>\n\n\n\n<div class=\"wp-block-group\"><div class=\"wp-block-group__inner-container is-layout-flow wp-block-group-is-layout-flow\">\n<div class=\"wp-block-media-text is-stacked-on-mobile is-vertically-aligned-center\" style=\"grid-template-columns:22% auto\"><figure class=\"wp-block-media-text__media\"><img loading=\"lazy\" decoding=\"async\" width=\"1024\" height=\"614\" src=\"https:\/\/www.catsier.com\/wp-content\/uploads\/2020\/06\/catsier-logo-1024x614.png\" alt=\"\" class=\"wp-image-109\" srcset=\"https:\/\/www.catsier.com\/wp-content\/uploads\/2020\/06\/catsier-logo-1024x614.png 1024w, https:\/\/www.catsier.com\/wp-content\/uploads\/2020\/06\/catsier-logo-300x180.png 300w, https:\/\/www.catsier.com\/wp-content\/uploads\/2020\/06\/catsier-logo-768x460.png 768w, https:\/\/www.catsier.com\/wp-content\/uploads\/2020\/06\/catsier-logo-600x360.png 600w, https:\/\/www.catsier.com\/wp-content\/uploads\/2020\/06\/catsier-logo.png 1198w\" sizes=\"auto, (max-width: 1024px) 100vw, 1024px\" \/><\/figure><div class=\"wp-block-media-text__content\">\n<p style=\"font-size:20px\">Vi observerar katters beteenden i det dagliga livet och designar deras favoritleksaker. L\u00e5t \u00e4garen komma n\u00e4rmare katten eller f\u00f6rdriv tiden n\u00e4r katten har tr\u00e5kigt.<\/p>\n\n\n\n<p style=\"font-size:20px\">Vi erbjuder en m\u00e4ngd olika f\u00f6rs\u00e4ljningsmodeller, du kan k\u00f6pa v\u00e5ra produkter p\u00e5 Amazon och eBay. Eller bl\u00e4ddra p\u00e5 v\u00e5r hemsida <a href=\"https:\/\/www.wonpet.com\" target=\"_blank\" rel=\"noreferrer noopener\">https:\/\/www.wonpet.com<\/a> och f\u00f6rhandla med v\u00e5ra s\u00e4ljkonsulter f\u00f6r OEM-f\u00f6retag.<\/p>\n<\/div><\/div>\n<\/div><\/div>\n\n\n\n<div class=\"wp-block-media-text alignwide is-stacked-on-mobile\" style=\"grid-template-columns:22% auto\"><figure class=\"wp-block-media-text__media\"><a href=\"\/sv\/chiwava.com\/\"><img loading=\"lazy\" decoding=\"async\" width=\"1024\" height=\"417\" src=\"https:\/\/www.catsier.com\/wp-content\/uploads\/2020\/06\/logo-201-1024x417.png\" alt=\"\" class=\"wp-image-559\" srcset=\"https:\/\/www.catsier.com\/wp-content\/uploads\/2020\/06\/logo-201-1024x417.png 1024w, https:\/\/www.catsier.com\/wp-content\/uploads\/2020\/06\/logo-201-300x122.png 300w, https:\/\/www.catsier.com\/wp-content\/uploads\/2020\/06\/logo-201-768x313.png 768w, https:\/\/www.catsier.com\/wp-content\/uploads\/2020\/06\/logo-201-600x244.png 600w, https:\/\/www.catsier.com\/wp-content\/uploads\/2020\/06\/logo-201.png 1026w\" sizes=\"auto, (max-width: 1024px) 100vw, 1024px\" \/><\/a><\/figure><div class=\"wp-block-media-text__content\">\n<p style=\"font-size:20px\">Chiwava\u2122\ufe0f \u00e4r ett leksaksm\u00e4rke f\u00f6r husdjur. Vi designar och s\u00e4ljer pipiga hundleksaker av latexgummi, kattleksaksm\u00f6ss, kattleksaksboll, etc...<\/p>\n\n\n\n<p style=\"font-size:20px\">Vi har \u00e5tagit oss att producera s\u00e4kra och milj\u00f6v\u00e4nliga husdjursleksaker.<\/p>\n<\/div><\/div>\n\n\n\n<p><\/p>","protected":false},"excerpt":{"rendered":"<p>CATSIER\u2122 \u00e4r ett varum\u00e4rke f\u00f6r katttillbeh\u00f6r som tillh\u00f6r WONPET Co., Ltd. En ledningsgrupp best\u00e5ende av en grupp m\u00e4nniskor som \u2026 <a href=\"https:\/\/www.catsier.com\/sv\/about-us-2\/\" class=\"more-link\"><span class=\"more-button\">Forts\u00e4tt l\u00e4sa<span class=\"screen-reader-text\">Om oss<\/span><\/span><\/a><\/p>","protected":false},"author":1,"featured_media":0,"parent":0,"menu_order":0,"comment_status":"closed","ping_status":"closed","template":"","meta":{"footnotes":""},"class_list":["post-505","page","type-page","status-publish","hentry"],"_links":{"self":[{"href":"https:\/\/www.catsier.com\/sv\/wp-json\/wp\/v2\/pages\/505","targetHints":{"allow":["GET"]}}],"collection":[{"href":"https:\/\/www.catsier.com\/sv\/wp-json\/wp\/v2\/pages"}],"about":[{"href":"https:\/\/www.catsier.com\/sv\/wp-json\/wp\/v2\/types\/page"}],"author":[{"embeddable":true,"href":"https:\/\/www.catsier.com\/sv\/wp-json\/wp\/v2\/users\/1"}],"replies":[{"embeddable":true,"href":"https:\/\/www.catsier.com\/sv\/wp-json\/wp\/v2\/comments?post=505"}],"version-history":[{"count":52,"href":"https:\/\/www.catsier.com\/sv\/wp-json\/wp\/v2\/pages\/505\/revisions"}],"predecessor-version":[{"id":573,"href":"https:\/\/www.catsier.com\/sv\/wp-json\/wp\/v2\/pages\/505\/revisions\/573"}],"wp:attachment":[{"href":"https:\/\/www.catsier.com\/sv\/wp-json\/wp\/v2\/media?parent=505"}],"curies":[{"name":"wp","href":"https:\/\/api.w.org\/{rel}","templated":true}]}}